{"id":54,"date":"2019-01-03T09:17:48","date_gmt":"2019-01-03T09:17:48","guid":{"rendered":"http:\/\/kasteheina.ee\/?page_id=54"},"modified":"2024-06-27T13:23:38","modified_gmt":"2024-06-27T10:23:38","slug":"kodust","status":"publish","type":"page","link":"http:\/\/kasteheina.ee\/ru\/","title":{"rendered":"\u041e \u0434\u043e\u043c\u0435"},"content":{"rendered":"<div data-elementor-type=\"wp-post\" data-elementor-id=\"54\" class=\"elementor elementor-54\">\n\t\t\t\t\t\t<section class=\"elementor-section elementor-top-section elementor-element elementor-element-577636c elementor-section-height-full elementor-section-boxed elementor-section-height-default elementor-section-items-middle\" data-id=\"577636c\" data-element_type=\"section\" data-e-type=\"section\" data-settings=\"{&quot;background_background&quot;:&quot;classic&quot;}\">\n\t\t\t\t\t\t<div class=\"elementor-container elementor-column-gap-default\">\n\t\t\t\t\t<div class=\"elementor-column elementor-col-100 elementor-top-column elementor-element elementor-element-72e05cfe\" data-id=\"72e05cfe\" data-element_type=\"column\" data-e-type=\"column\">\n\t\t\t<div class=\"elementor-widget-wrap elementor-element-populated\">\n\t\t\t\t\t\t<div class=\"elementor-element elementor-element-101e43cc elementor-widget elementor-widget-heading\" data-id=\"101e43cc\" data-element_type=\"widget\" data-e-type=\"widget\" data-widget_type=\"heading.default\">\n\t\t\t\t<div class=\"elementor-widget-container\">\n\t\t\t\t\t<h1 class=\"elementor-heading-title elementor-size-large\">\u0414\u043e\u043c \u043f\u043e\u0441\u0440\u0435\u0434\u0438 \u043f\u043e\u043b\u0435\u0432\u0438\u0446\u044b<\/h1>\t\t\t\t<\/div>\n\t\t\t\t<\/div>\n\t\t\t\t<div class=\"elementor-element elementor-element-5e77f396 elementor-widget elementor-widget-heading\" data-id=\"5e77f396\" data-element_type=\"widget\" data-e-type=\"widget\" data-widget_type=\"heading.default\">\n\t\t\t\t<div class=\"elementor-widget-container\">\n\t\t\t\t\t<p class=\"elementor-heading-title elementor-size-large\">\u041f\u043e\u0442\u043e\u043c\u0443 \u0447\u0442\u043e \u0438\u043c\u0435\u043d\u043d\u043e \u0437\u0434\u0435\u0441\u044c \u0445\u043e\u0447\u0435\u0442\u0441\u044f \u0431\u044b\u0442\u044c!<\/p>\t\t\t\t<\/div>\n\t\t\t\t<\/div>\n\t\t\t\t\t<\/div>\n\t\t<\/div>\n\t\t\t\t\t<\/div>\n\t\t<\/section>\n\t\t\t\t<section class=\"elementor-section elementor-top-section elementor-element elementor-element-166d1aee elementor-section-boxed elementor-section-height-default elementor-section-height-default\" data-id=\"166d1aee\" data-element_type=\"section\" data-e-type=\"section\" data-settings=\"{&quot;background_background&quot;:&quot;classic&quot;}\">\n\t\t\t\t\t\t<div class=\"elementor-container elementor-column-gap-default\">\n\t\t\t\t\t<div class=\"elementor-column elementor-col-100 elementor-top-column elementor-element elementor-element-25aaf12f\" data-id=\"25aaf12f\" data-element_type=\"column\" data-e-type=\"column\">\n\t\t\t<div class=\"elementor-widget-wrap elementor-element-populated\">\n\t\t\t\t\t\t<div class=\"elementor-element elementor-element-6172d4fd elementor-widget elementor-widget-heading\" data-id=\"6172d4fd\" data-element_type=\"widget\" data-e-type=\"widget\" data-widget_type=\"heading.default\">\n\t\t\t\t<div class=\"elementor-widget-container\">\n\t\t\t\t\t<h2 class=\"elementor-heading-title elementor-size-large\">\u041e \u0434\u043e\u043c\u0435<\/h2>\t\t\t\t<\/div>\n\t\t\t\t<\/div>\n\t\t\t\t<div class=\"elementor-element elementor-element-2c675fc0 elementor-widget elementor-widget-text-editor\" data-id=\"2c675fc0\" data-element_type=\"widget\" data-e-type=\"widget\" data-widget_type=\"text-editor.default\">\n\t\t\t\t<div class=\"elementor-widget-container\">\n\t\t\t\t\t\t\t\t\t<p style=\"margin-bottom: 15pt; line-height: normal;\"><span style=\"font-size: 13.5pt; font-family: 'Arial',sans-serif; mso-fareast-font-family: 'Times New Roman'; mso-fareast-language: ET;\">\u0414\u043e\u043c \u2013 \u044d\u0442\u043e \u0442\u043e \u043c\u0435\u0441\u0442\u043e, \u0433\u0434\u0435 \u0447\u0443\u0432\u0441\u0442\u0432\u0443\u0435\u0448\u044c \u0441\u0435\u0431\u044f \u0443\u044e\u0442\u043d\u043e \u0438 \u0431\u0435\u0437\u043e\u043f\u0430\u0441\u043d\u043e. \u0414\u043e\u043c \u2013 \u044d\u0442\u043e \u043a\u0443\u0434\u0430 \u0442\u044b \u0441\u0442\u0440\u0435\u043c\u0438\u0448\u044c\u0441\u044f, \u0433\u0434\u0435 \u043c\u043e\u0436\u043d\u043e \u0441\u043d\u044f\u0442\u044c \u043f\u0430\u043b\u044c\u0442\u043e, \u0441\u0435\u0441\u0442\u044c \u0443 \u0442\u0451\u043f\u043b\u043e\u0433\u043e \u043a\u0430\u043c\u0438\u043d\u0430 \u0438 \u043f\u043e\u0437\u0432\u043e\u043b\u0438\u0442\u044c \u0432\u0441\u0435\u043c \u0434\u043d\u0435\u0432\u043d\u044b\u043c \u0437\u0430\u0431\u043e\u0442\u0430\u043c \u043e\u0442\u043e\u0439\u0442\u0438 \u043d\u0430 \u0432\u0442\u043e\u0440\u043e\u0439 \u043f\u043b\u0430\u043d. <\/span><\/p><p style=\"margin-bottom: 15pt; line-height: normal;\"><span style=\"font-size: 13.5pt; font-family: 'Arial',sans-serif; mso-fareast-font-family: 'Times New Roman'; mso-fareast-language: ET;\">\u0418\u043c\u0435\u043d\u043d\u043e \u044d\u0442\u043e \u0447\u0443\u0432\u0441\u0442\u0432\u043e \u0434\u043e\u043c\u0430\u0448\u043d\u0435\u0433\u043e \u043e\u0447\u0430\u0433\u0430 \u043c\u044b \u0441\u0442\u0430\u0440\u0430\u043b\u0438\u0441\u044c \u043f\u0435\u0440\u0435\u0434\u0430\u0442\u044c \u0432 \u041a\u043e\u0434\u0443\u0445\u0435\u0439\u043d\u0430. \u0417\u0434\u0435\u0441\u044c \u0432\u044b \u043d\u0430\u0439\u0434\u0451\u0442\u0435 \u0434\u043e\u043c \u0434\u043b\u044f \u043a\u043e\u043c\u0444\u043e\u0440\u0442\u043d\u043e\u0433\u043e \u043f\u0440\u043e\u0436\u0438\u0432\u0430\u043d\u0438\u044f \u0441\u0435\u043c\u0438 \u0447\u0435\u043b\u043e\u0432\u0435\u043a. \u0420\u0430\u0441\u043f\u043e\u043b\u043e\u0436\u0435\u043d\u0438\u0435 \u0441\u0440\u0435\u0434\u0438 \u0433\u043b\u0430\u0432\u043d\u044b\u0445 \u0434\u043e\u0441\u0442\u043e\u043f\u0440\u0438\u043c\u0435\u0447\u0430\u0442\u0435\u043b\u044c\u043d\u043e\u0441\u0442\u0435\u0439 \u0418\u0434\u0430-\u0412\u0438\u0440\u0443\u043c\u0430\u0430\u0441\u043a\u043e\u0433\u043e \u0443\u0435\u0437\u0434\u0430 \u0438\u0434\u0435\u0430\u043b\u044c\u043d\u043e \u0434\u043b\u044f \u0442\u043e\u0433\u043e, \u0447\u0442\u043e\u0431\u044b \u043e\u0442\u0434\u043e\u0445\u043d\u0443\u0442\u044c, \u0432\u0441\u043f\u043e\u043c\u043d\u0438\u0442\u044c \u043f\u0440\u043e\u0448\u0435\u0434\u0448\u0438\u0439 \u043d\u0430\u0441\u044b\u0449\u0435\u043d\u043d\u044b\u0439 \u044d\u043c\u043e\u0446\u0438\u044f\u043c\u0438 \u0434\u0435\u043d\u044c \u0438 \u043d\u0435\u0441\u043f\u0435\u0448\u0430 \u043f\u043e\u0434\u0433\u043e\u0442\u043e\u0432\u0438\u0442\u044c\u0441\u044f \u043a \u0441\u043b\u0435\u0434\u0443\u044e\u0449\u0435\u043c\u0443.\u00a0<\/span><\/p><p style=\"margin-bottom: 15pt; line-height: normal;\"><span style=\"font-family: Arial, sans-serif;\"><span style=\"font-size: 18px;\">Tere tulemasti!Q<\/span><\/span><\/p><p style=\"margin-bottom: 15pt; line-height: normal;\">\u00a0<\/p>\t\t\t\t\t\t\t\t<\/div>\n\t\t\t\t<\/div>\n\t\t\t\t\t<\/div>\n\t\t<\/div>\n\t\t\t\t\t<\/div>\n\t\t<\/section>\n\t\t\t\t<section class=\"elementor-section elementor-top-section elementor-element elementor-element-4531500a elementor-section-boxed elementor-section-height-default elementor-section-height-default\" data-id=\"4531500a\" data-element_type=\"section\" data-e-type=\"section\" data-settings=\"{&quot;background_background&quot;:&quot;classic&quot;}\">\n\t\t\t\t\t\t<div class=\"elementor-container elementor-column-gap-wider\">\n\t\t\t\t\t<div class=\"elementor-column elementor-col-100 elementor-top-column elementor-element elementor-element-4d322dfd\" data-id=\"4d322dfd\" data-element_type=\"column\" data-e-type=\"column\">\n\t\t\t<div class=\"elementor-widget-wrap elementor-element-populated\">\n\t\t\t\t\t\t<div class=\"elementor-element elementor-element-15877b5d elementor-widget elementor-widget-heading\" data-id=\"15877b5d\" data-element_type=\"widget\" data-e-type=\"widget\" data-widget_type=\"heading.default\">\n\t\t\t\t<div class=\"elementor-widget-container\">\n\t\t\t\t\t<h2 class=\"elementor-heading-title elementor-size-large\">\u0427\u0442\u043e \u0433\u043e\u0432\u043e\u0440\u044f\u0442 \u043e \u043d\u0430\u0441 \u043d\u0430\u0448\u0438 \u0433\u043e\u0441\u0442\u0438<\/h2>\t\t\t\t<\/div>\n\t\t\t\t<\/div>\n\t\t\t\t<section class=\"elementor-section elementor-inner-section elementor-element elementor-element-760a63e elementor-section-boxed elementor-section-height-default elementor-section-height-default\" data-id=\"760a63e\" data-element_type=\"section\" data-e-type=\"section\">\n\t\t\t\t\t\t<div class=\"elementor-container elementor-column-gap-default\">\n\t\t\t\t\t<div class=\"elementor-column elementor-col-50 elementor-inner-column elementor-element elementor-element-558a6581\" data-id=\"558a6581\" data-element_type=\"column\" data-e-type=\"column\">\n\t\t\t<div class=\"elementor-widget-wrap elementor-element-populated\">\n\t\t\t\t\t\t<div class=\"elementor-element elementor-element-53bdb70d elementor-widget elementor-widget-testimonial\" data-id=\"53bdb70d\" data-element_type=\"widget\" data-e-type=\"widget\" data-widget_type=\"testimonial.default\">\n\t\t\t\t<div class=\"elementor-widget-container\">\n\t\t\t\t\t\t\t<div class=\"elementor-testimonial-wrapper\">\n\t\t\t\t\t\t\t<div class=\"elementor-testimonial-content\">\"\u042f \u043b\u044e\u0431\u043b\u044e \u044d\u0442\u043e \u043c\u0435\u0441\u0442\u043e. \u041e\u043d\u043e \u043e\u0447\u0435\u043d\u044c \u0443\u044e\u0442\u043d\u043e\u0435 \u0438 \u043d\u0430\u0445\u043e\u0434\u0438\u0442\u0441\u044f \u0441\u0440\u0435\u0434\u0438 \u043f\u0440\u0438\u0440\u043e\u0434\u044b.\"<\/div>\n\t\t\t\n\t\t\t\t\t\t<div class=\"elementor-testimonial-meta\">\n\t\t\t\t<div class=\"elementor-testimonial-meta-inner\">\n\t\t\t\t\t\n\t\t\t\t\t\t\t\t\t\t<div class=\"elementor-testimonial-details\">\n\t\t\t\t\t\t\t\t\t\t\t\t\t\t<div class=\"elementor-testimonial-name\">\u0410\u0421\u0422\u0420\u0410<\/div>\n\t\t\t\t\t\t\t\t\t\t\t\t\t\t\t\t\t\t\t<\/div>\n\t\t\t\t\t\t\t\t\t<\/div>\n\t\t\t<\/div>\n\t\t\t\t\t<\/div>\n\t\t\t\t\t\t<\/div>\n\t\t\t\t<\/div>\n\t\t\t\t\t<\/div>\n\t\t<\/div>\n\t\t\t\t<div class=\"elementor-column elementor-col-50 elementor-inner-column elementor-element elementor-element-4f9715ec\" data-id=\"4f9715ec\" data-element_type=\"column\" data-e-type=\"column\">\n\t\t\t<div class=\"elementor-widget-wrap elementor-element-populated\">\n\t\t\t\t\t\t<div class=\"elementor-element elementor-element-31f7a4d9 elementor-widget elementor-widget-testimonial\" data-id=\"31f7a4d9\" data-element_type=\"widget\" data-e-type=\"widget\" data-widget_type=\"testimonial.default\">\n\t\t\t\t<div class=\"elementor-widget-container\">\n\t\t\t\t\t\t\t<div class=\"elementor-testimonial-wrapper\">\n\t\t\t\t\t\t\t<div class=\"elementor-testimonial-content\">\u201c\u0411\u043e\u043b\u044c\u0448\u043e\u0439 \u0434\u043e\u043c \u0441\u043e \u0432\u0441\u0435\u043c\u0438 \u0443\u0434\u043e\u0431\u0441\u0442\u0432\u0430\u043c\u0438 \u0432 \u0442\u0438\u0445\u043e\u043c \u0438 \u0443\u044e\u0442\u043d\u043e\u043c \u043c\u0435\u0441\u0442\u0435\u0447\u043a\u0435 \u043d\u0435\u0434\u0430\u043b\u0435\u043a\u043e \u043e\u0442 Spa \u0438 \u043c\u043e\u0440\u044f. \u041e\u0447\u0435\u043d\u044c \u043f\u0440\u0438\u0432\u0435\u0442\u043b\u0438\u0432\u044b\u0439 \u0445\u043e\u0437\u044f\u0438\u043d \u043f\u043e\u0437\u0432\u043e\u043b\u0438\u043b \u043e\u0441\u0442\u0430\u0442\u044c\u0441\u044f \u0434\u043e\u043b\u044c\u0448\u0435 \u043f\u0440\u0435\u0434\u0443\u0441\u043c\u043e\u0442\u0440\u0435\u043d\u043d\u043e\u0433\u043e. \u0421\u043f\u0430\u043b\u0438, \u043a\u0430\u043a \u0443\u0431\u0438\u0442\u044b\u0435, \u0442\u0438\u0448\u0438\u043d\u0430 \u0438 \u0441\u043f\u043e\u043a\u043e\u0439\u0441\u0442\u0432\u0438\u0435. \u041e\u0442\u043b\u0438\u0447\u043d\u043e\u0435 \u043c\u0435\u0441\u0442\u043e \u0434\u043b\u044f \u043e\u0442\u0434\u044b\u0445\u0430 \u043f\u043e\u0441\u043b\u0435 \u0442\u0440\u0443\u0434\u043d\u043e\u0439 \u0440\u0430\u0431\u043e\u0447\u0435\u0439 \u043d\u0435\u0434\u0435\u043b\u0438.\u201d<\/div>\n\t\t\t\n\t\t\t\t\t\t<div class=\"elementor-testimonial-meta\">\n\t\t\t\t<div class=\"elementor-testimonial-meta-inner\">\n\t\t\t\t\t\n\t\t\t\t\t\t\t\t\t\t<div class=\"elementor-testimonial-details\">\n\t\t\t\t\t\t\t\t\t\t\t\t\t\t<div class=\"elementor-testimonial-name\">\u0412\u043b\u0430\u0434\u0438\u043c\u0438\u0440<\/div>\n\t\t\t\t\t\t\t\t\t\t\t\t\t\t\t\t\t\t\t<\/div>\n\t\t\t\t\t\t\t\t\t<\/div>\n\t\t\t<\/div>\n\t\t\t\t\t<\/div>\n\t\t\t\t\t\t<\/div>\n\t\t\t\t<\/div>\n\t\t\t\t\t<\/div>\n\t\t<\/div>\n\t\t\t\t\t<\/div>\n\t\t<\/section>\n\t\t\t\t<section class=\"elementor-section elementor-inner-section elementor-element elementor-element-591fc7ee elementor-section-boxed elementor-section-height-default elementor-section-height-default\" data-id=\"591fc7ee\" data-element_type=\"section\" data-e-type=\"section\">\n\t\t\t\t\t\t<div class=\"elementor-container elementor-column-gap-default\">\n\t\t\t\t\t<div class=\"elementor-column elementor-col-50 elementor-inner-column elementor-element elementor-element-4c4b7786\" data-id=\"4c4b7786\" data-element_type=\"column\" data-e-type=\"column\">\n\t\t\t<div class=\"elementor-widget-wrap elementor-element-populated\">\n\t\t\t\t\t\t<div class=\"elementor-element elementor-element-14e19d5 elementor-widget elementor-widget-testimonial\" data-id=\"14e19d5\" data-element_type=\"widget\" data-e-type=\"widget\" data-widget_type=\"testimonial.default\">\n\t\t\t\t<div class=\"elementor-widget-container\">\n\t\t\t\t\t\t\t<div class=\"elementor-testimonial-wrapper\">\n\t\t\t\t\t\t\t<div class=\"elementor-testimonial-content\">\u201c\u0423\u044e\u0442\u043d\u044b\u0439 \u0434\u043e\u043c\u0438\u043a \u043f\u0440\u044f\u043c\u043e \u043f\u043e\u0441\u0440\u0435\u0434\u0438 \u043f\u043e\u043b\u044f. \u0413\u043e\u0441\u0442\u0438\u043d\u043d\u0430\u044f \u0441 \u0432\u0438\u0434\u043e\u043c \u043d\u0430 \u0431\u0435\u0441\u043a\u0440\u0430\u0439\u043d\u0438\u0435 \u043f\u043e\u043b\u044f \u0438 \u043a\u0430\u043c\u0438\u043d\u043e\u043c. \u041e\u0442\u043b\u0438\u0447\u043d\u043e\u0435 \u0443\u0435\u0434\u0438\u043d\u0435\u043d\u043d\u043e\u0435 \u043c\u0435\u0441\u0442\u043e \u0434\u043b\u044f \u043e\u0442\u0434\u044b\u0445\u0430 \u043d\u0435\u0431\u043e\u043b\u044c\u0448\u043e\u0439 \u043a\u043e\u043c\u043f\u0430\u043d\u0438\u0435\u0439 \u0438\u043b\u0438 \u0434\u043b\u044f \u0441\u0435\u043c\u044c\u0438 \u0441 \u0434\u0435\u0442\u044c\u043c\u0438.\u201d<\/div>\n\t\t\t\n\t\t\t\t\t\t<div class=\"elementor-testimonial-meta\">\n\t\t\t\t<div class=\"elementor-testimonial-meta-inner\">\n\t\t\t\t\t\n\t\t\t\t\t\t\t\t\t\t<div class=\"elementor-testimonial-details\">\n\t\t\t\t\t\t\t\t\t\t\t\t\t\t<div class=\"elementor-testimonial-name\">\u0421\u0430\u043d\u0434\u0435\u0440\u0441<\/div>\n\t\t\t\t\t\t\t\t\t\t\t\t\t\t\t\t\t\t\t<\/div>\n\t\t\t\t\t\t\t\t\t<\/div>\n\t\t\t<\/div>\n\t\t\t\t\t<\/div>\n\t\t\t\t\t\t<\/div>\n\t\t\t\t<\/div>\n\t\t\t\t\t<\/div>\n\t\t<\/div>\n\t\t\t\t<div class=\"elementor-column elementor-col-50 elementor-inner-column elementor-element elementor-element-64c1c05\" data-id=\"64c1c05\" data-element_type=\"column\" data-e-type=\"column\">\n\t\t\t<div class=\"elementor-widget-wrap elementor-element-populated\">\n\t\t\t\t\t\t<div class=\"elementor-element elementor-element-61d851bf elementor-widget elementor-widget-testimonial\" data-id=\"61d851bf\" data-element_type=\"widget\" data-e-type=\"widget\" data-widget_type=\"testimonial.default\">\n\t\t\t\t<div class=\"elementor-widget-container\">\n\t\t\t\t\t\t\t<div class=\"elementor-testimonial-wrapper\">\n\t\t\t\t\t\t\t<div class=\"elementor-testimonial-content\">\"\u041e\u0447\u0435\u043d\u044c \u0443\u044e\u0442\u043d\u043e, \u0432\u0441\u0435 \u0443\u0434\u043e\u0431\u043d\u043e, \u043a\u0430\u043c\u0438\u043d, \u0447\u0438\u0441\u0442\u043e, \u043e\u0433\u0440\u043e\u043c\u043d\u044b\u0435 \u043e\u043a\u043d\u0430, \u0432\u0438\u0434 \u043d\u0430 \u043f\u043e\u043b\u044f \u0438 \u043b\u0435\u0441. \u041c\u0435\u0441\u0442\u043e \u0443\u0435\u0434\u0438\u043d\u0435\u043d\u043e\u0435 - \u0444\u0435\u0440\u043c\u0430. \u0416\u0430\u043b\u044c, \u0447\u0442\u043e \u0442\u043e\u043b\u044c\u043a\u043e \u043d\u0430 1 \u043d\u043e\u0447\u044c \u043e\u0441\u0442\u0430\u043d\u043e\u0432\u0438\u043b\u0438\u0441\u044c.\"<\/div>\n\t\t\t\n\t\t\t\t\t\t<div class=\"elementor-testimonial-meta\">\n\t\t\t\t<div class=\"elementor-testimonial-meta-inner\">\n\t\t\t\t\t\n\t\t\t\t\t\t\t\t\t\t<div class=\"elementor-testimonial-details\">\n\t\t\t\t\t\t\t\t\t\t\t\t\t\t<div class=\"elementor-testimonial-name\">\u0418\u0432\u0430\u043d<\/div>\n\t\t\t\t\t\t\t\t\t\t\t\t\t\t\t\t\t\t\t<\/div>\n\t\t\t\t\t\t\t\t\t<\/div>\n\t\t\t<\/div>\n\t\t\t\t\t<\/div>\n\t\t\t\t\t\t<\/div>\n\t\t\t\t<\/div>\n\t\t\t\t\t<\/div>\n\t\t<\/div>\n\t\t\t\t\t<\/div>\n\t\t<\/section>\n\t\t\t\t\t<\/div>\n\t\t<\/div>\n\t\t\t\t\t<\/div>\n\t\t<\/section>\n\t\t\t\t<section class=\"elementor-section elementor-top-section elementor-element elementor-element-5be9d289 elementor-section-boxed elementor-section-height-default elementor-section-height-default\" data-id=\"5be9d289\" data-element_type=\"section\" data-e-type=\"section\" data-settings=\"{&quot;background_background&quot;:&quot;classic&quot;}\">\n\t\t\t\t\t\t<div class=\"elementor-container elementor-column-gap-default\">\n\t\t\t\t\t<div class=\"elementor-column elementor-col-100 elementor-top-column elementor-element elementor-element-3baa6da5\" data-id=\"3baa6da5\" data-element_type=\"column\" data-e-type=\"column\">\n\t\t\t<div class=\"elementor-widget-wrap elementor-element-populated\">\n\t\t\t\t\t\t<div class=\"elementor-element elementor-element-7366bbb0 e-grid-align-tablet-center e-grid-align-mobile-center elementor-shape-rounded elementor-grid-0 e-grid-align-center elementor-widget elementor-widget-social-icons\" data-id=\"7366bbb0\" data-element_type=\"widget\" data-e-type=\"widget\" data-widget_type=\"social-icons.default\">\n\t\t\t\t<div class=\"elementor-widget-container\">\n\t\t\t\t\t\t\t<div class=\"elementor-social-icons-wrapper elementor-grid\">\n\t\t\t\t\t\t\t<span class=\"elementor-grid-item\">\n\t\t\t\t\t<a class=\"elementor-icon elementor-social-icon elementor-social-icon-instagram elementor-repeater-item-2729938\" href=\"http:\/\/www.instagram.com\/kasteheinakodu\/\" target=\"_blank\">\n\t\t\t\t\t\t<span class=\"elementor-screen-only\">Instagram<\/span>\n\t\t\t\t\t\t\t\t\t\t\t\t\t<i class=\"fa fa-instagram\" aria-hidden=\"true\"><\/i>\n\t\t\t\t\t\t\t\t\t\t\t<\/a>\n\t\t\t\t<\/span>\n\t\t\t\t\t<\/div>\n\t\t\t\t\t\t<\/div>\n\t\t\t\t<\/div>\n\t\t\t\t\t<\/div>\n\t\t<\/div>\n\t\t\t\t\t<\/div>\n\t\t<\/section>\n\t\t\t\t<\/div>","protected":false},"excerpt":{"rendered":"<p>kasteheina kodu Sest siin ongi nii m\u00f5nus! Kodust Kodu on koht, kus tunned end mugavalt ja turvaliselt. Koju on alati hea j\u00f5uda, v\u00f5tta seljast palitu ning istuda sooja kaminatule eest, lastes p\u00e4evamuredel \u00e4ra triivida. Nii oleme ka meie p\u00fc\u00fcdnud seda kodu tunnet edasi anda. Meie juures leiate hubase majutusv\u00f5imaluse kuni 7-le inimesele. Asudes Ida-Virumaa peamiste [&hellip;]<\/p>\n","protected":false},"author":1,"featured_media":0,"parent":0,"menu_order":0,"comment_status":"closed","ping_status":"closed","template":"","meta":{"_exactmetrics_skip_tracking":false,"_exactmetrics_sitenote_active":false,"_exactmetrics_sitenote_note":"","_exactmetrics_sitenote_category":0,"ocean_post_layout":"full-screen","ocean_both_sidebars_style":"","ocean_both_sidebars_content_width":0,"ocean_both_sidebars_sidebars_width":0,"ocean_sidebar":"0","ocean_second_sidebar":"0","ocean_disable_margins":"enable","ocean_add_body_class":"","ocean_shortcode_before_top_bar":"","ocean_shortcode_after_top_bar":"","ocean_shortcode_before_header":"","ocean_shortcode_after_header":"","ocean_has_shortcode":"","ocean_shortcode_after_title":"","ocean_shortcode_before_footer_widgets":"","ocean_shortcode_after_footer_widgets":"","ocean_shortcode_before_footer_bottom":"","ocean_shortcode_after_footer_bottom":"","ocean_display_top_bar":"default","ocean_display_header":"default","ocean_header_style":"","ocean_center_header_left_menu":"0","ocean_custom_header_template":"0","ocean_custom_logo":0,"ocean_custom_retina_logo":0,"ocean_custom_logo_max_width":0,"ocean_custom_logo_tablet_max_width":0,"ocean_custom_logo_mobile_max_width":0,"ocean_custom_logo_max_height":0,"ocean_custom_logo_tablet_max_height":0,"ocean_custom_logo_mobile_max_height":0,"ocean_header_custom_menu":"0","ocean_menu_typo_font_family":"0","ocean_menu_typo_font_subset":"","ocean_menu_typo_font_size":0,"ocean_menu_typo_font_size_tablet":0,"ocean_menu_typo_font_size_mobile":0,"ocean_menu_typo_font_size_unit":"px","ocean_menu_typo_font_weight":"","ocean_menu_typo_font_weight_tablet":"","ocean_menu_typo_font_weight_mobile":"","ocean_menu_typo_transform":"","ocean_menu_typo_transform_tablet":"","ocean_menu_typo_transform_mobile":"","ocean_menu_typo_line_height":0,"ocean_menu_typo_line_height_tablet":0,"ocean_menu_typo_line_height_mobile":0,"ocean_menu_typo_line_height_unit":"","ocean_menu_typo_spacing":0,"ocean_menu_typo_spacing_tablet":0,"ocean_menu_typo_spacing_mobile":0,"ocean_menu_typo_spacing_unit":"","ocean_menu_link_color":"","ocean_menu_link_color_hover":"","ocean_menu_link_color_active":"","ocean_menu_link_background":"","ocean_menu_link_hover_background":"","ocean_menu_link_active_background":"","ocean_menu_social_links_bg":"","ocean_menu_social_hover_links_bg":"","ocean_menu_social_links_color":"","ocean_menu_social_hover_links_color":"","ocean_disable_title":"on","ocean_disable_heading":"default","ocean_post_title":"","ocean_post_subheading":"","ocean_post_title_style":"","ocean_post_title_background_color":"","ocean_post_title_background":0,"ocean_post_title_bg_image_position":"","ocean_post_title_bg_image_attachment":"","ocean_post_title_bg_image_repeat":"","ocean_post_title_bg_image_size":"","ocean_post_title_height":0,"ocean_post_title_bg_overlay":0.5,"ocean_post_title_bg_overlay_color":"","ocean_disable_breadcrumbs":"default","ocean_breadcrumbs_color":"","ocean_breadcrumbs_separator_color":"","ocean_breadcrumbs_links_color":"","ocean_breadcrumbs_links_hover_color":"","ocean_display_footer_widgets":"default","ocean_display_footer_bottom":"default","ocean_custom_footer_template":"0","footnotes":""},"class_list":["post-54","page","type-page","status-publish","hentry","entry"],"_links":{"self":[{"href":"http:\/\/kasteheina.ee\/ru\/wp-json\/wp\/v2\/pages\/54","targetHints":{"allow":["GET"]}}],"collection":[{"href":"http:\/\/kasteheina.ee\/ru\/wp-json\/wp\/v2\/pages"}],"about":[{"href":"http:\/\/kasteheina.ee\/ru\/wp-json\/wp\/v2\/types\/page"}],"author":[{"embeddable":true,"href":"http:\/\/kasteheina.ee\/ru\/wp-json\/wp\/v2\/users\/1"}],"replies":[{"embeddable":true,"href":"http:\/\/kasteheina.ee\/ru\/wp-json\/wp\/v2\/comments?post=54"}],"version-history":[{"count":5,"href":"http:\/\/kasteheina.ee\/ru\/wp-json\/wp\/v2\/pages\/54\/revisions"}],"predecessor-version":[{"id":574,"href":"http:\/\/kasteheina.ee\/ru\/wp-json\/wp\/v2\/pages\/54\/revisions\/574"}],"wp:attachment":[{"href":"http:\/\/kasteheina.ee\/ru\/wp-json\/wp\/v2\/media?parent=54"}],"curies":[{"name":"wp","href":"https:\/\/api.w.org\/{rel}","templated":true}]}}