{"id":210,"date":"2019-01-04T12:14:15","date_gmt":"2019-01-04T12:14:15","guid":{"rendered":"http:\/\/kasteheina.ee\/?page_id=210"},"modified":"2022-11-04T21:20:49","modified_gmt":"2022-11-04T21:20:49","slug":"leia-meid-2","status":"publish","type":"page","link":"https:\/\/kasteheina.ee\/ru\/leia-meid-2\/","title":{"rendered":"\u041b\u043e\u0433\u0438\u0441\u0442\u0438\u043a\u0430"},"content":{"rendered":"<div data-elementor-type=\"wp-post\" data-elementor-id=\"210\" class=\"elementor elementor-210\">\n\t\t\t\t\t\t<section class=\"elementor-section elementor-top-section elementor-element elementor-element-52e2b66d elementor-section-boxed elementor-section-height-default elementor-section-height-default\" data-id=\"52e2b66d\" data-element_type=\"section\" data-e-type=\"section\" data-settings=\"{&quot;background_background&quot;:&quot;classic&quot;}\">\n\t\t\t\t\t\t<div class=\"elementor-container elementor-column-gap-default\">\n\t\t\t\t\t<div class=\"elementor-column elementor-col-100 elementor-top-column elementor-element elementor-element-30f2a06e\" data-id=\"30f2a06e\" data-element_type=\"column\" data-e-type=\"column\" data-settings=\"{&quot;background_background&quot;:&quot;classic&quot;}\">\n\t\t\t<div class=\"elementor-widget-wrap elementor-element-populated\">\n\t\t\t\t\t\t<div class=\"elementor-element elementor-element-3c33c9b4 elementor-widget elementor-widget-heading\" data-id=\"3c33c9b4\" data-element_type=\"widget\" data-e-type=\"widget\" data-widget_type=\"heading.default\">\n\t\t\t\t<div class=\"elementor-widget-container\">\n\t\t\t\t\t<h3 class=\"elementor-heading-title elementor-size-large\">K\u043e\u043d\u0442\u0430\u043a\u0442\u044b<\/h3>\t\t\t\t<\/div>\n\t\t\t\t<\/div>\n\t\t\t\t<section class=\"elementor-section elementor-inner-section elementor-element elementor-element-2ecf544 elementor-section-boxed elementor-section-height-default elementor-section-height-default\" data-id=\"2ecf544\" data-element_type=\"section\" data-e-type=\"section\">\n\t\t\t\t\t\t<div class=\"elementor-container elementor-column-gap-default\">\n\t\t\t\t\t<div class=\"elementor-column elementor-col-33 elementor-inner-column elementor-element elementor-element-109e531f\" data-id=\"109e531f\" data-element_type=\"column\" data-e-type=\"column\">\n\t\t\t<div class=\"elementor-widget-wrap elementor-element-populated\">\n\t\t\t\t\t\t<div class=\"elementor-element elementor-element-24e84640 elementor-view-default elementor-position-block-start elementor-mobile-position-block-start elementor-widget elementor-widget-icon-box\" data-id=\"24e84640\" data-element_type=\"widget\" data-e-type=\"widget\" data-widget_type=\"icon-box.default\">\n\t\t\t\t<div class=\"elementor-widget-container\">\n\t\t\t\t\t\t\t<div class=\"elementor-icon-box-wrapper\">\n\n\t\t\t\t\t\t<div class=\"elementor-icon-box-icon\">\n\t\t\t\t<span  class=\"elementor-icon\">\n\t\t\t\t<i class=\"fa fa-home\" aria-hidden=\"true\"><\/i>\t\t\t\t<\/span>\n\t\t\t<\/div>\n\t\t\t\n\t\t\t\t\t\t<div class=\"elementor-icon-box-content\">\n\n\t\t\t\t\t\t\t\t\t<h3 class=\"elementor-icon-box-title\">\n\t\t\t\t\t\t<span  >\n\t\t\t\t\t\t\tTamme, Voka k\u00fcla, Toila vald <br>41718, Ida-Virumaa\t\t\t\t\t\t<\/span>\n\t\t\t\t\t<\/h3>\n\t\t\t\t\n\t\t\t\t\n\t\t\t<\/div>\n\t\t\t\n\t\t<\/div>\n\t\t\t\t\t\t<\/div>\n\t\t\t\t<\/div>\n\t\t\t\t\t<\/div>\n\t\t<\/div>\n\t\t\t\t<div class=\"elementor-column elementor-col-33 elementor-inner-column elementor-element elementor-element-770fe1be\" data-id=\"770fe1be\" data-element_type=\"column\" data-e-type=\"column\">\n\t\t\t<div class=\"elementor-widget-wrap elementor-element-populated\">\n\t\t\t\t\t\t<div class=\"elementor-element elementor-element-69316ec8 elementor-view-default elementor-position-block-start elementor-mobile-position-block-start elementor-widget elementor-widget-icon-box\" data-id=\"69316ec8\" data-element_type=\"widget\" data-e-type=\"widget\" data-widget_type=\"icon-box.default\">\n\t\t\t\t<div class=\"elementor-widget-container\">\n\t\t\t\t\t\t\t<div class=\"elementor-icon-box-wrapper\">\n\n\t\t\t\t\t\t<div class=\"elementor-icon-box-icon\">\n\t\t\t\t<span  class=\"elementor-icon\">\n\t\t\t\t<i class=\"fa fa-phone\" aria-hidden=\"true\"><\/i>\t\t\t\t<\/span>\n\t\t\t<\/div>\n\t\t\t\n\t\t\t\t\t\t<div class=\"elementor-icon-box-content\">\n\n\t\t\t\t\t\t\t\t\t<h3 class=\"elementor-icon-box-title\">\n\t\t\t\t\t\t<span  >\n\t\t\t\t\t\t\t+372 5268096\t\t\t\t\t\t<\/span>\n\t\t\t\t\t<\/h3>\n\t\t\t\t\n\t\t\t\t\n\t\t\t<\/div>\n\t\t\t\n\t\t<\/div>\n\t\t\t\t\t\t<\/div>\n\t\t\t\t<\/div>\n\t\t\t\t\t<\/div>\n\t\t<\/div>\n\t\t\t\t<div class=\"elementor-column elementor-col-33 elementor-inner-column elementor-element elementor-element-60949ae0\" data-id=\"60949ae0\" data-element_type=\"column\" data-e-type=\"column\">\n\t\t\t<div class=\"elementor-widget-wrap elementor-element-populated\">\n\t\t\t\t\t\t<div class=\"elementor-element elementor-element-68b510da elementor-view-default elementor-position-block-start elementor-mobile-position-block-start elementor-widget elementor-widget-icon-box\" data-id=\"68b510da\" data-element_type=\"widget\" data-e-type=\"widget\" data-widget_type=\"icon-box.default\">\n\t\t\t\t<div class=\"elementor-widget-container\">\n\t\t\t\t\t\t\t<div class=\"elementor-icon-box-wrapper\">\n\n\t\t\t\t\t\t<div class=\"elementor-icon-box-icon\">\n\t\t\t\t<span  class=\"elementor-icon\">\n\t\t\t\t<i class=\"fa fa-envelope\" aria-hidden=\"true\"><\/i>\t\t\t\t<\/span>\n\t\t\t<\/div>\n\t\t\t\n\t\t\t\t\t\t<div class=\"elementor-icon-box-content\">\n\n\t\t\t\t\t\t\t\t\t<h3 class=\"elementor-icon-box-title\">\n\t\t\t\t\t\t<span  >\n\t\t\t\t\t\t\tkasteheinakodu@gmail.com\t\t\t\t\t\t<\/span>\n\t\t\t\t\t<\/h3>\n\t\t\t\t\n\t\t\t\t\n\t\t\t<\/div>\n\t\t\t\n\t\t<\/div>\n\t\t\t\t\t\t<\/div>\n\t\t\t\t<\/div>\n\t\t\t\t\t<\/div>\n\t\t<\/div>\n\t\t\t\t\t<\/div>\n\t\t<\/section>\n\t\t\t\t<div class=\"elementor-element elementor-element-3af64456 elementor-widget elementor-widget-google_maps\" data-id=\"3af64456\" data-element_type=\"widget\" data-e-type=\"widget\" data-widget_type=\"google_maps.default\">\n\t\t\t\t<div class=\"elementor-widget-container\">\n\t\t\t\t\t\t\t<div class=\"elementor-custom-embed\">\n\t\t\t<iframe loading=\"lazy\"\n\t\t\t\t\tsrc=\"https:\/\/maps.google.com\/maps?q=Kasteheina%20kodu&#038;t=m&#038;z=10&#038;output=embed&#038;iwloc=near\"\n\t\t\t\t\ttitle=\"\u041a\u0430\u0441\u0442\u0435\u0445\u0435\u0439\u043d\u0430\"\n\t\t\t\t\taria-label=\"\u041a\u0430\u0441\u0442\u0435\u0445\u0435\u0439\u043d\u0430\"\n\t\t\t><\/iframe>\n\t\t<\/div>\n\t\t\t\t\t\t<\/div>\n\t\t\t\t<\/div>\n\t\t\t\t\t<\/div>\n\t\t<\/div>\n\t\t\t\t\t<\/div>\n\t\t<\/section>\n\t\t\t\t<section class=\"elementor-section elementor-top-section elementor-element elementor-element-64cb0b75 elementor-section-boxed elementor-section-height-default elementor-section-height-default\" data-id=\"64cb0b75\" data-element_type=\"section\" data-e-type=\"section\">\n\t\t\t\t\t\t<div class=\"elementor-container elementor-column-gap-default\">\n\t\t\t\t\t<div class=\"elementor-column elementor-col-100 elementor-top-column elementor-element elementor-element-40c0f99b\" data-id=\"40c0f99b\" data-element_type=\"column\" data-e-type=\"column\">\n\t\t\t<div class=\"elementor-widget-wrap elementor-element-populated\">\n\t\t\t\t\t\t<div class=\"elementor-element elementor-element-25ceead5 elementor-widget elementor-widget-heading\" data-id=\"25ceead5\" data-element_type=\"widget\" data-e-type=\"widget\" data-widget_type=\"heading.default\">\n\t\t\t\t<div class=\"elementor-widget-container\">\n\t\t\t\t\t<h3 class=\"elementor-heading-title elementor-size-large\">\u041b\u043e\u0433\u0438\u0441\u0442\u0438\u043a\u0430<\/h3>\t\t\t\t<\/div>\n\t\t\t\t<\/div>\n\t\t\t\t<div class=\"elementor-element elementor-element-dd4c553 elementor-widget-divider--view-line elementor-widget elementor-widget-divider\" data-id=\"dd4c553\" data-element_type=\"widget\" data-e-type=\"widget\" data-widget_type=\"divider.default\">\n\t\t\t\t<div class=\"elementor-widget-container\">\n\t\t\t\t\t\t\t<div class=\"elementor-divider\">\n\t\t\t<span class=\"elementor-divider-separator\">\n\t\t\t\t\t\t<\/span>\n\t\t<\/div>\n\t\t\t\t\t\t<\/div>\n\t\t\t\t<\/div>\n\t\t\t\t<section class=\"elementor-section elementor-inner-section elementor-element elementor-element-2265ef10 elementor-section-boxed elementor-section-height-default elementor-section-height-default\" data-id=\"2265ef10\" data-element_type=\"section\" data-e-type=\"section\">\n\t\t\t\t\t\t<div class=\"elementor-container elementor-column-gap-wider\">\n\t\t\t\t\t<div class=\"elementor-column elementor-col-50 elementor-inner-column elementor-element elementor-element-221ecb02\" data-id=\"221ecb02\" data-element_type=\"column\" data-e-type=\"column\">\n\t\t\t<div class=\"elementor-widget-wrap elementor-element-populated\">\n\t\t\t\t\t\t<div class=\"elementor-element elementor-element-4b631289 elementor-vertical-align-middle elementor-widget elementor-widget-image-box\" data-id=\"4b631289\" data-element_type=\"widget\" data-e-type=\"widget\" data-widget_type=\"image-box.default\">\n\t\t\t\t<div class=\"elementor-widget-container\">\n\t\t\t\t\t<div class=\"elementor-image-box-wrapper\"><div class=\"elementor-image-box-content\"><h3 class=\"elementor-image-box-title\">\u041d\u0430 \u043c\u0430\u0448\u0438\u043d\u0435<\/h3><p class=\"elementor-image-box-description\">\u041d\u0430 \u0442\u0440\u0435\u0442\u044c\u0435\u043c \u043a\u0438\u043b\u043e\u043c\u0435\u0442\u0440\u0435 \u0434\u043e\u0440\u043e\u0433\u0438 \u0422\u043e\u0439\u043b\u0430-\u0412\u043e\u043a\u0430 \u0441\u0432\u0435\u0440\u043d\u0438\u0442\u0435 \u043d\u0430 \u0441\u0435\u0432\u0435\u0440, \u043d\u0430 \u0433\u0440\u0443\u043d\u0442\u043e\u0432\u0443\u044e \u0434\u043e\u0440\u043e\u0433\u0443, \u0432\u0435\u0434\u0443\u0449\u0443\u044e \u0441\u0440\u0435\u0434\u0438 \u043f\u043e\u043b\u0435\u0439. \u041d\u0430 \u043f\u0435\u0440\u0435\u043a\u0440\u0451\u0441\u0442\u043a\u0435 \u0443\u0432\u0438\u0434\u0438\u0442\u0435 \u043d\u0435\u0431\u043e\u043b\u044c\u0448\u043e\u0439 \u0443\u043a\u0430\u0437\u0430\u0442\u0435\u043b\u044c, \u043f\u043e\u043a\u0430\u0437\u044b\u0432\u0430\u044e\u0449\u0438\u0439 \u043d\u0430\u043f\u0440\u0430\u0432\u043b\u0435\u043d\u0438\u0435 \u043a \u043d\u0430\u043c. \u0421 \u044d\u0442\u043e\u0439 \u0434\u043e\u0440\u043e\u0433\u0438 \u0443\u0436\u0435 \u043c\u043e\u0436\u043d\u043e \u0440\u0430\u0441\u0441\u043c\u043e\u0442\u0440\u0435\u0442\u044c \u043d\u0430\u0448\u0435 \u0445\u043e\u0437\u044f\u0439\u0441\u0442\u0432\u043e. \u0414\u0435\u0440\u0436\u0438\u0442\u0435\u0441\u044c \u043b\u0435\u0432\u043e\u0439 \u0441\u0442\u043e\u0440\u043e\u043d\u044b \u0442\u0430\u043c, \u0433\u0434\u0435 \u043f\u0440\u043e\u0441\u0451\u043b\u043e\u0447\u043d\u0430\u044f \u0434\u043e\u0440\u043e\u0433\u0430 \u0434\u043e\u0445\u043e\u0434\u0438\u0442 \u0434\u043e \u0440\u0430\u0437\u0432\u0438\u043b\u043a\u0438 (\u043a\u0430\u043c\u043d\u0438 \u0438 \u043d\u0435\u0431\u043e\u043b\u044c\u0448\u043e\u0435 \u0434\u0435\u0440\u0435\u0432\u0446\u0435). \u0412\u044b \u043f\u0440\u0438\u0431\u0443\u0434\u0435\u0442\u0435 \u043d\u0430 \u043c\u0435\u0441\u0442\u043e \u0435\u0449\u0451 \u0447\u0435\u0440\u0435\u0437 \u043d\u0435\u0441\u043a\u043e\u043b\u044c\u043a\u043e \u0441\u043e\u0442 \u043c\u0435\u0442\u0440\u043e\u0432. <\/p><\/div><\/div>\t\t\t\t<\/div>\n\t\t\t\t<\/div>\n\t\t\t\t<div class=\"elementor-element elementor-element-c7fabb2 elementor-vertical-align-middle elementor-widget elementor-widget-image-box\" data-id=\"c7fabb2\" data-element_type=\"widget\" data-e-type=\"widget\" data-widget_type=\"image-box.default\">\n\t\t\t\t<div class=\"elementor-widget-container\">\n\t\t\t\t\t<div class=\"elementor-image-box-wrapper\"><div class=\"elementor-image-box-content\"><h3 class=\"elementor-image-box-title\">\u041e\u0431\u0449\u0435\u0441\u0442\u0432\u0435\u043d\u043d\u044b\u043c \u0442\u0440\u0430\u043d\u0441\u043f\u043e\u0440\u0442\u043e\u043c<\/h3><p class=\"elementor-image-box-description\">\u0421\u0430\u043c\u044b\u0439 \u043f\u0440\u043e\u0441\u0442\u043e\u0439 \u0438 \u0431\u044b\u0441\u0442\u0440\u044b\u0439 \u0432\u0430\u0440\u0438\u0430\u043d\u0442 \u2013 \u044d\u0442\u043e \u043f\u043e\u0435\u0437\u0434. \u0421\u043e\u0432\u0435\u0442\u0443\u0435\u043c \u0432\u044b\u0439\u0442\u0438 \u043d\u0430 \u043e\u0441\u0442\u0430\u043d\u043e\u0432\u043a\u0435 \u0432 \u0433. \u0419\u044b\u0445\u0432\u0438. \u0418\u0437 \u0419\u044b\u0445\u0432\u0438 \u0432 \u0441\u0442\u043e\u0440\u043e\u043d\u0443 \u0412\u043e\u043a\u0430 \u0441\u043b\u0435\u0434\u0443\u0435\u0442 \u0431\u0435\u0441\u043f\u043b\u0430\u0442\u043d\u044b\u0439 \u0430\u0432\u0442\u043e\u0431\u0443\u0441 (\u2116 108). \u0412\u044b\u0439\u0434\u044f \u043d\u0430 \u043a\u043e\u043d\u0435\u0447\u043d\u043e\u0439 \u043e\u0441\u0442\u0430\u043d\u043e\u0432\u043a\u0435, \u043f\u0440\u043e\u0434\u043e\u043b\u0436\u0430\u0439\u0442\u0435 \u0438\u0434\u0442\u0438 \u043e\u043a\u043e\u043b\u043e \u043a\u0438\u043b\u043e\u043c\u0435\u0442\u0440\u0430 \u043f\u043e \u0434\u043e\u0440\u043e\u0433\u0435 \u0412\u043e\u043a\u0430-\u0422\u043e\u0439\u043b\u0430 \u0432 \u0441\u0442\u043e\u0440\u043e\u043d\u0443 \u0422\u043e\u0439\u043b\u0430 \u0438 \u0432\u044b \u043e\u043a\u0430\u0436\u0435\u0442\u0435\u0441\u044c \u043d\u0430 \u043f\u0435\u0440\u0435\u043a\u0440\u0451\u0441\u0442\u043a\u0435 \u043d\u0435\u0434\u0430\u043b\u0435\u043a\u043e \u043e\u0442 \u043d\u0430\u0448\u0435\u0433\u043e \u0445\u0443\u0442\u043e\u0440\u0430. \u041e\u0442\u0442\u0443\u0434\u0430 \u0443\u0436\u0435 \u0432\u0438\u0434\u043d\u044b \u0434\u043e\u043c\u0430 \u0438 \u0434\u043e \u043d\u0430\u0441 \u2013 \u0440\u0443\u043a\u043e\u0439 \u043f\u043e\u0434\u0430\u0442\u044c. <\/p><\/div><\/div>\t\t\t\t<\/div>\n\t\t\t\t<\/div>\n\t\t\t\t\t<\/div>\n\t\t<\/div>\n\t\t\t\t<div class=\"elementor-column elementor-col-50 elementor-inner-column elementor-element elementor-element-6fde6fc9\" data-id=\"6fde6fc9\" data-element_type=\"column\" data-e-type=\"column\">\n\t\t\t<div class=\"elementor-widget-wrap elementor-element-populated\">\n\t\t\t\t\t\t<div class=\"elementor-element elementor-element-32aa901e elementor-vertical-align-middle elementor-widget elementor-widget-image-box\" data-id=\"32aa901e\" data-element_type=\"widget\" data-e-type=\"widget\" data-widget_type=\"image-box.default\">\n\t\t\t\t<div class=\"elementor-widget-container\">\n\t\t\t\t\t<div class=\"elementor-image-box-wrapper\"><div class=\"elementor-image-box-content\"><h3 class=\"elementor-image-box-title\">\u041c\u0430\u0433\u0430\u0437\u0438\u043d<\/h3><p class=\"elementor-image-box-description translation-block\">\u0411\u043b\u0438\u0436\u0430\u0439\u0448\u0438\u0439 \u043f\u0440\u043e\u0434\u0443\u043a\u0442\u043e\u0432\u044b\u0439 \u043c\u0430\u0433\u0430\u0437\u0438\u043d \u043d\u0430\u0445\u043e\u0434\u0438\u0442\u0441\u044f \u0432 \u0434\u0435\u0440\u0435\u0432\u043d\u0435 \u0412\u043e\u043a\u0430. \u0422\u0430\u043c \u0432\u044b \u043d\u0430\u0439\u0434\u0451\u0442\u0435 \u043d\u0435\u043e\u0431\u0445\u043e\u0434\u0438\u043c\u044b\u0435 \u043f\u0440\u043e\u0434\u0443\u043a\u0442\u044b \u0438 \u0445\u043e\u0437\u0442\u043e\u0432\u0430\u0440\u044b. \u041c\u0430\u0433\u0430\u0437\u0438\u043d \u043d\u0430\u0445\u043e\u0434\u0438\u0442\u0441\u044f \u0432 \u0434\u0432\u0443\u0445 \u043a\u0438\u043b\u043e\u043c\u0435\u0442\u0440\u0430\u0445 \u043a \u0432\u043e\u0441\u0442\u043e\u043a\u0443 \u043e\u0442 \u043d\u0430\u0441, \u0432 \u0446\u0435\u043d\u0442\u0440\u0435 \u0412\u043e\u043a\u0430. \n\u0415\u0449\u0451 \u043e\u0434\u0438\u043d \u043c\u0430\u0433\u0430\u0437\u0438\u043d, \u0433\u0434\u0435 \u0442\u0430\u043a\u0436\u0435 \u043c\u043e\u0436\u043d\u043e \u043f\u0440\u0438\u043e\u0431\u0440\u0435\u0441\u0442\u0438 \u0442\u043e\u0432\u0430\u0440\u044b \u043f\u0435\u0440\u0432\u043e\u0439 \u043d\u0435\u043e\u0431\u0445\u043e\u0434\u0438\u043c\u043e\u0441\u0442\u0438, \u043d\u0430\u0445\u043e\u0434\u0438\u0442\u0441\u044f \u0432 \u0422\u043e\u0439\u043b\u0430. \u042d\u0442\u043e\u0442 \u043c\u0430\u0433\u0430\u0437\u0438\u043d \u043d\u0430\u0445\u043e\u0434\u0438\u0442\u0441\u044f \u0432 \u0447\u0435\u0442\u044b\u0440\u0451\u0445 \u043a\u0438\u043b\u043e\u043c\u0435\u0442\u0440\u0430\u0445 \u043a \u0437\u0430\u043f\u0430\u0434\u0443 \u043e\u0442 \u041a\u0430\u0441\u0442\u0435\u0445\u0435\u0439\u043d\u0430.<\/p><\/div><\/div>\t\t\t\t<\/div>\n\t\t\t\t<\/div>\n\t\t\t\t<div class=\"elementor-element elementor-element-3cc08090 elementor-vertical-align-middle elementor-widget elementor-widget-image-box\" data-id=\"3cc08090\" data-element_type=\"widget\" data-e-type=\"widget\" data-widget_type=\"image-box.default\">\n\t\t\t\t<div class=\"elementor-widget-container\">\n\t\t\t\t\t<div class=\"elementor-image-box-wrapper\"><div class=\"elementor-image-box-content\"><h3 class=\"elementor-image-box-title\">\u041f\u0438\u0442\u0430\u043d\u0438\u0435<\/h3><p class=\"elementor-image-box-description\">\u0411\u043b\u0438\u0436\u0430\u0439\u0448\u0438\u0435 \u0440\u0435\u0441\u0442\u043e\u0440\u0430\u043d\u044b \u043d\u0430\u0445\u043e\u0434\u044f\u0442\u0441\u044f \u0432 \u0422\u043e\u0439\u043b\u0430. \u041a\u0440\u0443\u0433\u043b\u044b\u0439 \u0433\u043e\u0434 \u043e\u0442\u043a\u0440\u044b\u0442\u044b \u0434\u0432\u0430 \u0437\u0430\u0432\u0435\u0434\u0435\u043d\u0438\u044f: <br>\u041f\u0430\u0431 Vana Fregati (\u043e\u0442 \u043d\u0430\u0441 \u0432 \u0447\u0435\u0442\u044b\u0440\u0451\u0445 \u043a\u0438\u043b\u043e\u043c\u0435\u0442\u0440\u0430\u0445 \u043a \u0437\u0430\u043f\u0430\u0434\u0443, \u0440\u0430\u0441\u043f\u043e\u043b\u043e\u0436\u0435\u043d \u0440\u044f\u0434\u043e\u043c \u0441 \u043c\u0430\u0433\u0430\u0437\u0438\u043d\u043e\u043c \u0432 \u0422\u043e\u0439\u043b\u0430)<br>\u0420\u0435\u0441\u0442\u043e\u0440\u0430\u043d Mio Mare (\u0440\u0430\u0441\u043f\u043e\u043b\u043e\u0436\u0435\u043d \u0432 \u0441\u0430\u043d\u0430\u0442\u043e\u0440\u0438\u0438 \u0422\u043e\u0439\u043b\u0430 \u0432 \u043f\u044f\u0442\u0438 \u043a\u0438\u043b\u043e\u043c\u0435\u0442\u0440\u0430\u0445 \u043a \u0437\u0430\u043f\u0430\u0434\u0443 \u043e\u0442 \u043d\u0430\u0441).<br><br><span style=\"font-family: Roboto, sans-serif;font-size: 15px;font-style: normal;font-weight: 300\">\u0412 \u043b\u0435\u0442\u043d\u0438\u0439 \u0441\u0435\u0437\u043e\u043d \u0432 \u043f\u0430\u0440\u043a\u0435 \u0422\u043e\u0439\u043b\u0430, \u0430 \u0442\u0430\u043a\u0436\u0435 \u043d\u0430 \u043c\u043e\u0440\u0441\u043a\u043e\u043c \u043f\u043e\u0431\u0435\u0440\u0435\u0436\u044c\u0435 \u043e\u0442\u043a\u0440\u044b\u0442\u044b \u043d\u0435\u0431\u043e\u043b\u044c\u0448\u0438\u0435 \u043a\u0430\u0444\u0435 \u0438 \u043a\u0438\u043e\u0441\u043a\u0438, \u0433\u0434\u0435 \u043c\u043e\u0436\u043d\u043e \u0432\u043a\u0443\u0441\u043d\u043e \u043f\u0435\u0440\u0435\u043a\u0443\u0441\u0438\u0442\u044c. <\/span><\/p><\/div><\/div>\t\t\t\t<\/div>\n\t\t\t\t<\/div>\n\t\t\t\t\t<\/div>\n\t\t<\/div>\n\t\t\t\t\t<\/div>\n\t\t<\/section>\n\t\t\t\t\t<\/div>\n\t\t<\/div>\n\t\t\t\t\t<\/div>\n\t\t<\/section>\n\t\t\t\t<\/div>","protected":false},"excerpt":{"rendered":"<p>kontakt Tamme, Voka k\u00fcla, Toila vald 41718, Ida-Virumaa +372 5268096 kasteheinakodu@gmail.com logistika Autoga Toila-Voka tee 3 km peal tuleb keerata p\u00f5hja poole, kruusakattega p\u00f5lluvahe teele. Tee ristis on ka v\u00e4ike post, millel ripub suunaviit meie juurde. Selle tee pealt on juba meie majapidamine n\u00e4ha. Seal, kus p\u00f5lluvahetee j\u00f5uab teelahkmeni (kivid ja v\u00e4ike puuke), hoidke vasakule. [&hellip;]<\/p>\n","protected":false},"author":1,"featured_media":0,"parent":0,"menu_order":0,"comment_status":"closed","ping_status":"closed","template":"","meta":{"_exactmetrics_skip_tracking":false,"_exactmetrics_sitenote_active":false,"_exactmetrics_sitenote_note":"","_exactmetrics_sitenote_category":0,"ocean_post_layout":"","ocean_both_sidebars_style":"","ocean_both_sidebars_content_width":0,"ocean_both_sidebars_sidebars_width":0,"ocean_sidebar":"0","ocean_second_sidebar":"0","ocean_disable_margins":"enable","ocean_add_body_class":"","ocean_shortcode_before_top_bar":"","ocean_shortcode_after_top_bar":"","ocean_shortcode_before_header":"","ocean_shortcode_after_header":"","ocean_has_shortcode":"","ocean_shortcode_after_title":"","ocean_shortcode_before_footer_widgets":"","ocean_shortcode_after_footer_widgets":"","ocean_shortcode_before_footer_bottom":"","ocean_shortcode_after_footer_bottom":"","ocean_display_top_bar":"default","ocean_display_header":"default","ocean_header_style":"","ocean_center_header_left_menu":"0","ocean_custom_header_template":"0","ocean_custom_logo":0,"ocean_custom_retina_logo":0,"ocean_custom_logo_max_width":0,"ocean_custom_logo_tablet_max_width":0,"ocean_custom_logo_mobile_max_width":0,"ocean_custom_logo_max_height":0,"ocean_custom_logo_tablet_max_height":0,"ocean_custom_logo_mobile_max_height":0,"ocean_header_custom_menu":"0","ocean_menu_typo_font_family":"0","ocean_menu_typo_font_subset":"","ocean_menu_typo_font_size":0,"ocean_menu_typo_font_size_tablet":0,"ocean_menu_typo_font_size_mobile":0,"ocean_menu_typo_font_size_unit":"px","ocean_menu_typo_font_weight":"","ocean_menu_typo_font_weight_tablet":"","ocean_menu_typo_font_weight_mobile":"","ocean_menu_typo_transform":"","ocean_menu_typo_transform_tablet":"","ocean_menu_typo_transform_mobile":"","ocean_menu_typo_line_height":0,"ocean_menu_typo_line_height_tablet":0,"ocean_menu_typo_line_height_mobile":0,"ocean_menu_typo_line_height_unit":"","ocean_menu_typo_spacing":0,"ocean_menu_typo_spacing_tablet":0,"ocean_menu_typo_spacing_mobile":0,"ocean_menu_typo_spacing_unit":"","ocean_menu_link_color":"","ocean_menu_link_color_hover":"","ocean_menu_link_color_active":"","ocean_menu_link_background":"","ocean_menu_link_hover_background":"","ocean_menu_link_active_background":"","ocean_menu_social_links_bg":"","ocean_menu_social_hover_links_bg":"","ocean_menu_social_links_color":"","ocean_menu_social_hover_links_color":"","ocean_disable_title":"default","ocean_disable_heading":"default","ocean_post_title":"","ocean_post_subheading":"","ocean_post_title_style":"","ocean_post_title_background_color":"","ocean_post_title_background":0,"ocean_post_title_bg_image_position":"","ocean_post_title_bg_image_attachment":"","ocean_post_title_bg_image_repeat":"","ocean_post_title_bg_image_size":"","ocean_post_title_height":0,"ocean_post_title_bg_overlay":0.5,"ocean_post_title_bg_overlay_color":"","ocean_disable_breadcrumbs":"default","ocean_breadcrumbs_color":"","ocean_breadcrumbs_separator_color":"","ocean_breadcrumbs_links_color":"","ocean_breadcrumbs_links_hover_color":"","ocean_display_footer_widgets":"default","ocean_display_footer_bottom":"default","ocean_custom_footer_template":"0","footnotes":""},"class_list":["post-210","page","type-page","status-publish","hentry","entry"],"_links":{"self":[{"href":"https:\/\/kasteheina.ee\/ru\/wp-json\/wp\/v2\/pages\/210","targetHints":{"allow":["GET"]}}],"collection":[{"href":"https:\/\/kasteheina.ee\/ru\/wp-json\/wp\/v2\/pages"}],"about":[{"href":"https:\/\/kasteheina.ee\/ru\/wp-json\/wp\/v2\/types\/page"}],"author":[{"embeddable":true,"href":"https:\/\/kasteheina.ee\/ru\/wp-json\/wp\/v2\/users\/1"}],"replies":[{"embeddable":true,"href":"https:\/\/kasteheina.ee\/ru\/wp-json\/wp\/v2\/comments?post=210"}],"version-history":[{"count":5,"href":"https:\/\/kasteheina.ee\/ru\/wp-json\/wp\/v2\/pages\/210\/revisions"}],"predecessor-version":[{"id":561,"href":"https:\/\/kasteheina.ee\/ru\/wp-json\/wp\/v2\/pages\/210\/revisions\/561"}],"wp:attachment":[{"href":"https:\/\/kasteheina.ee\/ru\/wp-json\/wp\/v2\/media?parent=210"}],"curies":[{"name":"wp","href":"https:\/\/api.w.org\/{rel}","templated":true}]}}