{"id":271,"date":"2019-01-07T09:39:55","date_gmt":"2019-01-07T09:39:55","guid":{"rendered":"http:\/\/kasteheina.ee\/?page_id=271"},"modified":"2022-11-04T21:18:51","modified_gmt":"2022-11-04T21:18:51","slug":"meie-vaartus-2","status":"publish","type":"page","link":"https:\/\/kasteheina.ee\/ru\/meie-vaartus-2\/","title":{"rendered":"\u0426\u0435\u043d\u044b"},"content":{"rendered":"<div data-elementor-type=\"wp-post\" data-elementor-id=\"271\" class=\"elementor elementor-271\">\n\t\t\t\t\t\t<section class=\"elementor-section elementor-top-section elementor-element elementor-element-27b783e0 elementor-section-height-min-height elementor-section-items-top elementor-section-content-top elementor-section-boxed elementor-section-height-default\" data-id=\"27b783e0\" data-element_type=\"section\" data-e-type=\"section\">\n\t\t\t\t\t\t<div class=\"elementor-container elementor-column-gap-default\">\n\t\t\t\t\t<div class=\"elementor-column elementor-col-100 elementor-top-column elementor-element elementor-element-61bb2a9a\" data-id=\"61bb2a9a\" data-element_type=\"column\" data-e-type=\"column\">\n\t\t\t<div class=\"elementor-widget-wrap elementor-element-populated\">\n\t\t\t\t\t\t<div class=\"elementor-element elementor-element-1fe0fcc elementor-widget elementor-widget-heading\" data-id=\"1fe0fcc\" data-element_type=\"widget\" data-e-type=\"widget\" data-widget_type=\"heading.default\">\n\t\t\t\t<div class=\"elementor-widget-container\">\n\t\t\t\t\t<h2 class=\"elementor-heading-title elementor-size-small\">\u0417\u0430\u0431\u0440\u043e\u043d\u0438\u0440\u0443\u0439\u0442\u0435 \u0437\u0434\u0435\u0441\u044c \u0438\u043b\u0438 \u0441\u0432\u044f\u0436\u0438\u0442\u0435\u0441\u044c \u0441 \u043d\u0430\u043c\u0438<\/h2>\t\t\t\t<\/div>\n\t\t\t\t<\/div>\n\t\t\t\t<section class=\"elementor-section elementor-inner-section elementor-element elementor-element-64fb6af elementor-section-boxed elementor-section-height-default elementor-section-height-default\" data-id=\"64fb6af\" data-element_type=\"section\" data-e-type=\"section\">\n\t\t\t\t\t\t<div class=\"elementor-container elementor-column-gap-default\">\n\t\t\t\t\t<div class=\"elementor-column elementor-col-100 elementor-inner-column elementor-element elementor-element-d31c864\" data-id=\"d31c864\" data-element_type=\"column\" data-e-type=\"column\">\n\t\t\t<div class=\"elementor-widget-wrap elementor-element-populated\">\n\t\t\t\t\t\t<div class=\"elementor-element elementor-element-800f971 premium-lq__none elementor-widget elementor-widget-premium-addon-button\" data-id=\"800f971\" data-element_type=\"widget\" data-e-type=\"widget\" data-widget_type=\"premium-addon-button.default\">\n\t\t\t\t<div class=\"elementor-widget-container\">\n\t\t\t\t\t\n\n\t\t<a class=\"premium-button premium-button-none premium-btn-md premium-button-none\" href=\"https:\/\/www.booking.com\/hotel\/ee\/kasteheina-kodu.html?lang=xu\" target=\"_blank\">\n\t\t\t<div class=\"premium-button-text-icon-wrapper\">\n\t\t\t\t\n\t\t\t\t\t\t\t\t\t<span >\n\t\t\t\t\t\tBooking.com\t\t\t\t\t<\/span>\n\t\t\t\t\t\t\t<\/div>\n\n\t\t\t\n\t\t\t\n\t\t\t\n\t\t<\/a>\n\n\n\t\t\t\t\t\t<\/div>\n\t\t\t\t<\/div>\n\t\t\t\t\t<\/div>\n\t\t<\/div>\n\t\t\t\t\t<\/div>\n\t\t<\/section>\n\t\t\t\t<div class=\"elementor-element elementor-element-44e6116f elementor-widget-divider--view-line elementor-widget elementor-widget-divider\" data-id=\"44e6116f\" data-element_type=\"widget\" data-e-type=\"widget\" data-widget_type=\"divider.default\">\n\t\t\t\t<div class=\"elementor-widget-container\">\n\t\t\t\t\t\t\t<div class=\"elementor-divider\">\n\t\t\t<span class=\"elementor-divider-separator\">\n\t\t\t\t\t\t<\/span>\n\t\t<\/div>\n\t\t\t\t\t\t<\/div>\n\t\t\t\t<\/div>\n\t\t\t\t<section class=\"elementor-section elementor-inner-section elementor-element elementor-element-2c019f27 elementor-section-boxed elementor-section-height-default elementor-section-height-default\" data-id=\"2c019f27\" data-element_type=\"section\" data-e-type=\"section\">\n\t\t\t\t\t\t<div class=\"elementor-container elementor-column-gap-wider\">\n\t\t\t\t\t<div class=\"elementor-column elementor-col-50 elementor-inner-column elementor-element elementor-element-1db77d93\" data-id=\"1db77d93\" data-element_type=\"column\" data-e-type=\"column\">\n\t\t\t<div class=\"elementor-widget-wrap elementor-element-populated\">\n\t\t\t\t\t\t<div class=\"elementor-element elementor-element-5cb22fcc elementor-vertical-align-middle elementor-widget elementor-widget-image-box\" data-id=\"5cb22fcc\" data-element_type=\"widget\" data-e-type=\"widget\" data-widget_type=\"image-box.default\">\n\t\t\t\t<div class=\"elementor-widget-container\">\n\t\t\t\t\t<div class=\"elementor-image-box-wrapper\"><div class=\"elementor-image-box-content\"><h3 class=\"elementor-image-box-title\">\u041e\u043f\u0438\u0441\u0430\u043d\u0438\u0435 \u0438 \u0446\u0435\u043d\u0430<\/h3><p class=\"elementor-image-box-description\">Teid ootab 2 magamistoaga maja, kus voodikohtasid on 5-le. Magamistubadesse mahub kumbagi 2 inimest (kaks \u00fcheinimese voodit). Elutoas on lahtik\u00e4iv diivan, kuhu mahub 1 inimene. Avaras elutoas on olemas \u00f5dus kaminahi. <br><br>\u0412 \u043a\u043e\u043c\u043d\u0430\u0442\u0430\u0445 \u0435\u0441\u0442\u044c \u0434\u043e\u0441\u0442\u0443\u043f \u043a WIFI \u0438 \u0442\u0435\u043b\u0435\u0432\u0438\u0437\u043e\u0440. <br><br>Majas oma k\u00f6\u00f6k, kus on olemas s\u00f6\u00f6gin\u00f5ud ja s\u00f6\u00f6gi tegemise tarvikud 6-le inimesele (pliit, ahi, k\u00fclmkapp s\u00fcgavk\u00fclmaga, mikrolaine ahi, veekeetja, kohvi presskann, teekann, r\u00f6ster). Avar elutuba koos kaminaga ning vannituba.<br> <br>\u0414\u043e\u043c \u0443\u0434\u043e\u0431\u0435\u043d \u0434\u043b\u044f \u0438\u0441\u043f\u043e\u043b\u044c\u0437\u043e\u0432\u0430\u043d\u0438\u044f \u0434\u043b\u044f \u043b\u044e\u0434\u0435\u0439, \u043f\u0435\u0440\u0435\u0434\u0432\u0438\u0433\u0430\u044e\u0449\u0438\u0445\u0441\u044f \u0432 \u0438\u043d\u0432\u0430\u043b\u0438\u0434\u043d\u044b\u0445 \u043a\u043e\u043b\u044f\u0441\u043a\u0430\u0445. \n<br>100\u20ac\/\u043d\u043e\u0447\u044c<br><\/p><\/div><\/div>\t\t\t\t<\/div>\n\t\t\t\t<\/div>\n\t\t\t\t\t<\/div>\n\t\t<\/div>\n\t\t\t\t<div class=\"elementor-column elementor-col-50 elementor-inner-column elementor-element elementor-element-3dfc3fff\" data-id=\"3dfc3fff\" data-element_type=\"column\" data-e-type=\"column\">\n\t\t\t<div class=\"elementor-widget-wrap elementor-element-populated\">\n\t\t\t\t\t\t<div class=\"elementor-element elementor-element-3cb78045 elementor-vertical-align-middle elementor-widget elementor-widget-image-box\" data-id=\"3cb78045\" data-element_type=\"widget\" data-e-type=\"widget\" data-widget_type=\"image-box.default\">\n\t\t\t\t<div class=\"elementor-widget-container\">\n\t\t\t\t\t<div class=\"elementor-image-box-wrapper\"><div class=\"elementor-image-box-content\"><h3 class=\"elementor-image-box-title\">\u0410\u0440\u0435\u043d\u0434\u0430 \u0432\u0435\u043b\u043e\u0441\u0438\u043f\u0435\u0434\u043e\u0432<\/h3><p class=\"elementor-image-box-description\">Meil on pakkuda 5 lihtsat kuid toimivat jalgratast, millega on m\u00f5nus l\u00e4hemal olevaid vaatamisv\u00e4\u00e4rsuseid vaadata. Aga miks ka mitte kiireks poesk\u00e4iguks v\u00f5i lihtsalt randa p\u00e4evitama s\u00f5ita. <br><br>\n5\u20ac \u0441 \u0447\u0435\u043b\u043e\u0432\u0435\u043a\u0430<br>PS: \u0442\u0440\u0435\u0431\u0443\u0435\u0442\u0441\u044f \u043f\u0440\u0435\u0434\u0432\u0430\u0440\u0438\u0442\u0435\u043b\u044c\u043d\u044b\u0439 \u0437\u0430\u043a\u0430\u0437<\/p><\/div><\/div>\t\t\t\t<\/div>\n\t\t\t\t<\/div>\n\t\t\t\t<div class=\"elementor-element elementor-element-5f137bc elementor-vertical-align-middle elementor-widget elementor-widget-image-box\" data-id=\"5f137bc\" data-element_type=\"widget\" data-e-type=\"widget\" data-widget_type=\"image-box.default\">\n\t\t\t\t<div class=\"elementor-widget-container\">\n\t\t\t\t\t<div class=\"elementor-image-box-wrapper\"><div class=\"elementor-image-box-content\"><h3 class=\"elementor-image-box-title\">\u0411\u0430\u043d\u044f<\/h3><p class=\"elementor-image-box-description\">\u0412\u044b \u043c\u043e\u0436\u0435\u0442\u0435 \u043d\u0430\u0441\u043b\u0430\u0436\u0434\u0430\u0442\u044c\u0441\u044f \u043d\u0435\u0434\u0430\u0432\u043d\u043e \u043e\u0442\u0440\u0435\u043c\u043e\u043d\u0442\u0438\u0440\u043e\u0432\u0430\u043d\u043d\u043e\u0439 \u0441\u0430\u0443\u043d\u043e\u0439. \u0425\u043e\u0442\u044f \u043d\u0443\u0436\u043d\u043e \u043f\u0440\u043e\u0434\u0435\u043b\u0430\u0442\u044c \u0435\u0449\u0435 \u043d\u0435\u043c\u043d\u043e\u0433\u043e \u0440\u0430\u0431\u043e\u0442\u044b, \u0435\u0435 \u043c\u043e\u0436\u043d\u043e \u0438\u0441\u043f\u043e\u043b\u044c\u0437\u043e\u0432\u0430\u0442\u044c. \u0421\u0446\u0435\u043d\u0430 \u0431\u043e\u043b\u044c\u0448\u0430\u044f \u0438 \u0443\u0434\u043e\u0431\u043d\u0430\u044f, \u043e\u043d\u0430 \u0442\u0430\u043a\u0436\u0435 \u043f\u0440\u0435\u043a\u0440\u0430\u0441\u043d\u043e \u0432\u043c\u0435\u0449\u0430\u0435\u0442 \u0432\u0435\u0441\u044c \u0433\u043e\u0441\u0442\u0435\u0432\u043e\u0439 \u0434\u043e\u043c. \u041c\u044b \u043f\u043e\u0441\u0442\u0440\u043e\u0438\u043b\u0438 \u0441\u0430\u0443\u043d\u0443 \u043f\u043e \u0442\u0440\u0430\u0434\u0438\u0446\u0438\u043e\u043d\u043d\u043e\u0439 \u043a\u043e\u043d\u0446\u0435\u043f\u0446\u0438\u0438, \u043f\u043e\u044d\u0442\u043e\u043c\u0443 \u0442\u0435, \u043a\u0442\u043e \u0437\u0430\u0438\u043d\u0442\u0435\u0440\u0435\u0441\u043e\u0432\u0430\u043d, \u043c\u043e\u0433\u0443\u0442 \u043d\u0430\u0441\u043b\u0430\u0436\u0434\u0430\u0442\u044c\u0441\u044f \u0441\u0430\u0443\u043d\u043e\u0439, \u043a\u0430\u043a \u044d\u0442\u043e \u0431\u044b\u043b\u043e \u0432 \u0441\u0442\u0430\u0440\u044b\u0435 \u0432\u0440\u0435\u043c\u0435\u043d\u0430, - \u0438\u0441\u043f\u043e\u043b\u044c\u0437\u043e\u0432\u0430\u0442\u044c \u0432\u0435\u0442\u043a\u0443 \u043b\u0438\u0441\u0442\u044c\u0435\u0432 \u0438 \u043c\u044b\u0442\u044c\u0441\u044f \u043f\u0440\u044f\u043c\u043e \u0432 \u0441\u0430\u0443\u043d\u0435. \u0412\u044b \u0442\u0430\u043a\u0436\u0435 \u043c\u043e\u0436\u0435\u0442\u0435 \u043f\u043e\u043c\u044b\u0442\u044c\u0441\u044f \u0432 \u0433\u043e\u0441\u0442\u0435\u0432\u043e\u043c \u0434\u043e\u043c\u0435. <br><br>50\u20ac 4h<br>PS: \u0442\u0440\u0435\u0431\u0443\u0435\u0442\u0441\u044f \u043f\u0440\u0435\u0434\u0432\u0430\u0440\u0438\u0442\u0435\u043b\u044c\u043d\u044b\u0439 \u0437\u0430\u043a\u0430\u0437\n<\/p><\/div><\/div>\t\t\t\t<\/div>\n\t\t\t\t<\/div>\n\t\t\t\t\t<\/div>\n\t\t<\/div>\n\t\t\t\t\t<\/div>\n\t\t<\/section>\n\t\t\t\t\t<\/div>\n\t\t<\/div>\n\t\t\t\t\t<\/div>\n\t\t<\/section>\n\t\t\t\t<\/div>","protected":false},"excerpt":{"rendered":"<p>Broneeri siit v\u00f5i v\u00f5tke meiega \u00fchendust Booking.com Kirjeldus ja hind Teid ootab 2 magamistoaga maja, kus voodikohtasid on 5-le. Magamistubadesse mahub kumbagi 2 inimest (kaks \u00fcheinimese voodit). Elutoas on lahtik\u00e4iv diivan, kuhu mahub 1 inimene. Avaras elutoas on olemas \u00f5dus kaminahi. Ruumides on tasuta WIFI ning saab vaadata eestikeelseid telekanaleid. Samuti m\u00f5ned lauam\u00e4ngud nii suurtele [&hellip;]<\/p>\n","protected":false},"author":1,"featured_media":0,"parent":0,"menu_order":0,"comment_status":"closed","ping_status":"closed","template":"","meta":{"_exactmetrics_skip_tracking":false,"_exactmetrics_sitenote_active":false,"_exactmetrics_sitenote_note":"","_exactmetrics_sitenote_category":0,"ocean_post_layout":"","ocean_both_sidebars_style":"","ocean_both_sidebars_content_width":0,"ocean_both_sidebars_sidebars_width":0,"ocean_sidebar":"0","ocean_second_sidebar":"0","ocean_disable_margins":"enable","ocean_add_body_class":"","ocean_shortcode_before_top_bar":"","ocean_shortcode_after_top_bar":"","ocean_shortcode_before_header":"","ocean_shortcode_after_header":"","ocean_has_shortcode":"","ocean_shortcode_after_title":"","ocean_shortcode_before_footer_widgets":"","ocean_shortcode_after_footer_widgets":"","ocean_shortcode_before_footer_bottom":"","ocean_shortcode_after_footer_bottom":"","ocean_display_top_bar":"default","ocean_display_header":"default","ocean_header_style":"","ocean_center_header_left_menu":"0","ocean_custom_header_template":"0","ocean_custom_logo":0,"ocean_custom_retina_logo":0,"ocean_custom_logo_max_width":0,"ocean_custom_logo_tablet_max_width":0,"ocean_custom_logo_mobile_max_width":0,"ocean_custom_logo_max_height":0,"ocean_custom_logo_tablet_max_height":0,"ocean_custom_logo_mobile_max_height":0,"ocean_header_custom_menu":"0","ocean_menu_typo_font_family":"0","ocean_menu_typo_font_subset":"","ocean_menu_typo_font_size":0,"ocean_menu_typo_font_size_tablet":0,"ocean_menu_typo_font_size_mobile":0,"ocean_menu_typo_font_size_unit":"px","ocean_menu_typo_font_weight":"","ocean_menu_typo_font_weight_tablet":"","ocean_menu_typo_font_weight_mobile":"","ocean_menu_typo_transform":"","ocean_menu_typo_transform_tablet":"","ocean_menu_typo_transform_mobile":"","ocean_menu_typo_line_height":0,"ocean_menu_typo_line_height_tablet":0,"ocean_menu_typo_line_height_mobile":0,"ocean_menu_typo_line_height_unit":"","ocean_menu_typo_spacing":0,"ocean_menu_typo_spacing_tablet":0,"ocean_menu_typo_spacing_mobile":0,"ocean_menu_typo_spacing_unit":"","ocean_menu_link_color":"","ocean_menu_link_color_hover":"","ocean_menu_link_color_active":"","ocean_menu_link_background":"","ocean_menu_link_hover_background":"","ocean_menu_link_active_background":"","ocean_menu_social_links_bg":"","ocean_menu_social_hover_links_bg":"","ocean_menu_social_links_color":"","ocean_menu_social_hover_links_color":"","ocean_disable_title":"default","ocean_disable_heading":"default","ocean_post_title":"","ocean_post_subheading":"","ocean_post_title_style":"","ocean_post_title_background_color":"","ocean_post_title_background":0,"ocean_post_title_bg_image_position":"","ocean_post_title_bg_image_attachment":"","ocean_post_title_bg_image_repeat":"","ocean_post_title_bg_image_size":"","ocean_post_title_height":0,"ocean_post_title_bg_overlay":0.5,"ocean_post_title_bg_overlay_color":"","ocean_disable_breadcrumbs":"default","ocean_breadcrumbs_color":"","ocean_breadcrumbs_separator_color":"","ocean_breadcrumbs_links_color":"","ocean_breadcrumbs_links_hover_color":"","ocean_display_footer_widgets":"default","ocean_display_footer_bottom":"default","ocean_custom_footer_template":"0","footnotes":""},"class_list":["post-271","page","type-page","status-publish","hentry","entry"],"_links":{"self":[{"href":"https:\/\/kasteheina.ee\/ru\/wp-json\/wp\/v2\/pages\/271","targetHints":{"allow":["GET"]}}],"collection":[{"href":"https:\/\/kasteheina.ee\/ru\/wp-json\/wp\/v2\/pages"}],"about":[{"href":"https:\/\/kasteheina.ee\/ru\/wp-json\/wp\/v2\/types\/page"}],"author":[{"embeddable":true,"href":"https:\/\/kasteheina.ee\/ru\/wp-json\/wp\/v2\/users\/1"}],"replies":[{"embeddable":true,"href":"https:\/\/kasteheina.ee\/ru\/wp-json\/wp\/v2\/comments?post=271"}],"version-history":[{"count":5,"href":"https:\/\/kasteheina.ee\/ru\/wp-json\/wp\/v2\/pages\/271\/revisions"}],"predecessor-version":[{"id":558,"href":"https:\/\/kasteheina.ee\/ru\/wp-json\/wp\/v2\/pages\/271\/revisions\/558"}],"wp:attachment":[{"href":"https:\/\/kasteheina.ee\/ru\/wp-json\/wp\/v2\/media?parent=271"}],"curies":[{"name":"wp","href":"https:\/\/api.w.org\/{rel}","templated":true}]}}